{"id":101,"date":"2021-12-08T12:13:27","date_gmt":"2021-12-08T14:13:27","guid":{"rendered":"https:\/\/www.armazemdaspalavras.com.br\/?page_id=101"},"modified":"2025-03-30T15:55:03","modified_gmt":"2025-03-30T18:55:03","slug":"abnt-adequacao","status":"publish","type":"page","link":"https:\/\/www.armazemdaspalavras.com.br\/index.php\/abnt-adequacao\/","title":{"rendered":"ABNT"},"content":{"rendered":"\n<div class=\"wp-block-group has-text-color is-layout-constrained\" style=\"color:#484848\"><div class=\"wp-block-group__inner-container\">\n<div class=\"wp-block-group is-layout-constrained\"><div class=\"wp-block-group__inner-container\">\n<div class=\"wp-block-group is-layout-constrained\"><div class=\"wp-block-group__inner-container\">\n<div class=\"wp-block-group is-layout-constrained\"><div class=\"wp-block-group__inner-container\">\n<p class=\"has-text-color\" style=\"color:#484848\">Adequar seu trabalho \u00e0s normas da ABNT, APA, Vancouver ou qualquer outra exig\u00eancia n\u00e3o precisa ser um pesadelo! Na&nbsp;<strong>Armaz\u00e9m das Palavras<\/strong>, somos apaixonadas por detalhes e cuidamos de tudo, desde a capa at\u00e9 os itens p\u00f3s-textuais.<\/p>\n\n\n\n<p>Nossos servi\u00e7os incluem formata\u00e7\u00e3o completa de trabalhos acad\u00eamicos (TCC, disserta\u00e7\u00f5es, teses, artigos etc.), ajuste de cita\u00e7\u00f5es diretas, indiretas e notas de rodap\u00e9, padroniza\u00e7\u00e3o de refer\u00eancias bibliogr\u00e1ficas e listas de figuras\/tabelas, adequa\u00e7\u00e3o a manuais espec\u00edficos de institui\u00e7\u00f5es de ensino e ainda damos dicas de brinde!<\/p>\n\n\n\n<p>Basta nos enviar o manual com as exig\u00eancias da sua faculdade e n\u00f3s fazemos o resto! Com a Armaz\u00e9m das Palavras, voc\u00ea pode focar no que realmente importa: o conte\u00fado do seu trabalho.<\/p>\n\n\n\n<p><\/p>\n<\/div><\/div>\n\n\n\n<div class=\"wp-block-group is-layout-constrained\"><div class=\"wp-block-group__inner-container\">\n<div class=\"wp-block-group has-text-color is-layout-constrained\" style=\"color:#4d4c4c\"><div class=\"wp-block-group__inner-container\">\n<div class=\"wp-block-buttons has-custom-font-size has-small-font-size is-layout-flex\">\n<div class=\"wp-block-button\"><a class=\"wp-block-button__link wp-element-button\">Fale conosco!<\/a><\/div>\n<\/div>\n<\/div><\/div>\n<\/div><\/div>\n<\/div><\/div>\n<\/div><\/div>\n<\/div><\/div>\n\n\n\n<p><\/p>\n","protected":false},"excerpt":{"rendered":"<p>Adequar seu trabalho \u00e0s normas da ABNT, APA, Vancouver ou qualquer outra exig\u00eancia n\u00e3o precisa ser um pesadelo! Na&nbsp;Armaz\u00e9m das Palavras, somos apaixonadas por detalhes e cuidamos de tudo, desde a capa at\u00e9 os itens p\u00f3s-textuais. Nossos servi\u00e7os incluem formata\u00e7\u00e3o completa de trabalhos acad\u00eamicos (TCC, disserta\u00e7\u00f5es, teses, artigos etc.), ajuste de cita\u00e7\u00f5es diretas, indiretas e&hellip; <br \/> <a class=\"read-more\" href=\"https:\/\/www.armazemdaspalavras.com.br\/index.php\/abnt-adequacao\/\">Leia mais<\/a><\/p>\n","protected":false},"author":1,"featured_media":0,"parent":0,"menu_order":0,"comment_status":"closed","ping_status":"closed","template":"","meta":{"_joinchat":[]},"yoast_head":"<!-- This site is optimized with the Yoast SEO plugin v21.4 - https:\/\/yoast.com\/wordpress\/plugins\/seo\/ -->\n<title>ABNT - Armaz\u00e9m das Palavras<\/title>\n<meta name=\"description\" content=\"Adequamos seu projeto para ABNT\" \/>\n<meta name=\"robots\" content=\"index, follow, max-snippet:-1, max-image-preview:large, max-video-preview:-1\" \/>\n<link rel=\"canonical\" href=\"https:\/\/www.armazemdaspalavras.com.br\/index.php\/abnt-adequacao\/\" \/>\n<meta property=\"og:locale\" content=\"pt_BR\" \/>\n<meta property=\"og:type\" content=\"article\" \/>\n<meta property=\"og:title\" content=\"ABNT - Armaz\u00e9m das Palavras\" \/>\n<meta property=\"og:description\" content=\"Adequamos seu projeto para ABNT\" \/>\n<meta property=\"og:url\" content=\"https:\/\/www.armazemdaspalavras.com.br\/index.php\/abnt-adequacao\/\" \/>\n<meta property=\"og:site_name\" content=\"Armaz\u00e9m das Palavras\" \/>\n<meta property=\"article:modified_time\" content=\"2025-03-30T18:55:03+00:00\" \/>\n<meta name=\"twitter:card\" content=\"summary_large_image\" \/>\n<meta name=\"twitter:label1\" content=\"Est. tempo de leitura\" \/>\n\t<meta name=\"twitter:data1\" content=\"1 minuto\" \/>\n<script type=\"application\/ld+json\" class=\"yoast-schema-graph\">{\"@context\":\"https:\/\/schema.org\",\"@graph\":[{\"@type\":\"WebPage\",\"@id\":\"https:\/\/www.armazemdaspalavras.com.br\/index.php\/abnt-adequacao\/\",\"url\":\"https:\/\/www.armazemdaspalavras.com.br\/index.php\/abnt-adequacao\/\",\"name\":\"ABNT - Armaz\u00e9m das Palavras\",\"isPartOf\":{\"@id\":\"https:\/\/www.armazemdaspalavras.com.br\/#website\"},\"datePublished\":\"2021-12-08T14:13:27+00:00\",\"dateModified\":\"2025-03-30T18:55:03+00:00\",\"description\":\"Adequamos seu projeto para ABNT\",\"breadcrumb\":{\"@id\":\"https:\/\/www.armazemdaspalavras.com.br\/index.php\/abnt-adequacao\/#breadcrumb\"},\"inLanguage\":\"pt-BR\",\"potentialAction\":[{\"@type\":\"ReadAction\",\"target\":[\"https:\/\/www.armazemdaspalavras.com.br\/index.php\/abnt-adequacao\/\"]}]},{\"@type\":\"BreadcrumbList\",\"@id\":\"https:\/\/www.armazemdaspalavras.com.br\/index.php\/abnt-adequacao\/#breadcrumb\",\"itemListElement\":[{\"@type\":\"ListItem\",\"position\":1,\"name\":\"In\u00edcio\",\"item\":\"https:\/\/www.armazemdaspalavras.com.br\/\"},{\"@type\":\"ListItem\",\"position\":2,\"name\":\"ABNT\"}]},{\"@type\":\"WebSite\",\"@id\":\"https:\/\/www.armazemdaspalavras.com.br\/#website\",\"url\":\"https:\/\/www.armazemdaspalavras.com.br\/\",\"name\":\"Revis\u00e3o de textos - Armaz\u00e9m das Palavras\",\"description\":\"Revis\u00e3o e edi\u00e7\u00e3o de textos\",\"publisher\":{\"@id\":\"https:\/\/www.armazemdaspalavras.com.br\/#organization\"},\"potentialAction\":[{\"@type\":\"SearchAction\",\"target\":{\"@type\":\"EntryPoint\",\"urlTemplate\":\"https:\/\/www.armazemdaspalavras.com.br\/?s={search_term_string}\"},\"query-input\":\"required name=search_term_string\"}],\"inLanguage\":\"pt-BR\"},{\"@type\":\"Organization\",\"@id\":\"https:\/\/www.armazemdaspalavras.com.br\/#organization\",\"name\":\"Armaz\u00e9m das Palavras - Revis\u00e3o e Edi\u00e7\u00e3o de Texto\",\"url\":\"https:\/\/www.armazemdaspalavras.com.br\/\",\"logo\":{\"@type\":\"ImageObject\",\"inLanguage\":\"pt-BR\",\"@id\":\"https:\/\/www.armazemdaspalavras.com.br\/#\/schema\/logo\/image\/\",\"url\":\"https:\/\/www.armazemdaspalavras.com.br\/wp-content\/uploads\/2019\/12\/favicon.ico\",\"contentUrl\":\"https:\/\/www.armazemdaspalavras.com.br\/wp-content\/uploads\/2019\/12\/favicon.ico\",\"width\":69,\"height\":69,\"caption\":\"Armaz\u00e9m das Palavras - Revis\u00e3o e Edi\u00e7\u00e3o de Texto\"},\"image\":{\"@id\":\"https:\/\/www.armazemdaspalavras.com.br\/#\/schema\/logo\/image\/\"}}]}<\/script>\n<!-- \/ Yoast SEO plugin. -->","yoast_head_json":{"title":"ABNT - Armaz\u00e9m das Palavras","description":"Adequamos seu projeto para ABNT","robots":{"index":"index","follow":"follow","max-snippet":"max-snippet:-1","max-image-preview":"max-image-preview:large","max-video-preview":"max-video-preview:-1"},"canonical":"https:\/\/www.armazemdaspalavras.com.br\/index.php\/abnt-adequacao\/","og_locale":"pt_BR","og_type":"article","og_title":"ABNT - Armaz\u00e9m das Palavras","og_description":"Adequamos seu projeto para ABNT","og_url":"https:\/\/www.armazemdaspalavras.com.br\/index.php\/abnt-adequacao\/","og_site_name":"Armaz\u00e9m das Palavras","article_modified_time":"2025-03-30T18:55:03+00:00","twitter_card":"summary_large_image","twitter_misc":{"Est. tempo de leitura":"1 minuto"},"schema":{"@context":"https:\/\/schema.org","@graph":[{"@type":"WebPage","@id":"https:\/\/www.armazemdaspalavras.com.br\/index.php\/abnt-adequacao\/","url":"https:\/\/www.armazemdaspalavras.com.br\/index.php\/abnt-adequacao\/","name":"ABNT - Armaz\u00e9m das Palavras","isPartOf":{"@id":"https:\/\/www.armazemdaspalavras.com.br\/#website"},"datePublished":"2021-12-08T14:13:27+00:00","dateModified":"2025-03-30T18:55:03+00:00","description":"Adequamos seu projeto para ABNT","breadcrumb":{"@id":"https:\/\/www.armazemdaspalavras.com.br\/index.php\/abnt-adequacao\/#breadcrumb"},"inLanguage":"pt-BR","potentialAction":[{"@type":"ReadAction","target":["https:\/\/www.armazemdaspalavras.com.br\/index.php\/abnt-adequacao\/"]}]},{"@type":"BreadcrumbList","@id":"https:\/\/www.armazemdaspalavras.com.br\/index.php\/abnt-adequacao\/#breadcrumb","itemListElement":[{"@type":"ListItem","position":1,"name":"In\u00edcio","item":"https:\/\/www.armazemdaspalavras.com.br\/"},{"@type":"ListItem","position":2,"name":"ABNT"}]},{"@type":"WebSite","@id":"https:\/\/www.armazemdaspalavras.com.br\/#website","url":"https:\/\/www.armazemdaspalavras.com.br\/","name":"Revis\u00e3o de textos - Armaz\u00e9m das Palavras","description":"Revis\u00e3o e edi\u00e7\u00e3o de textos","publisher":{"@id":"https:\/\/www.armazemdaspalavras.com.br\/#organization"},"potentialAction":[{"@type":"SearchAction","target":{"@type":"EntryPoint","urlTemplate":"https:\/\/www.armazemdaspalavras.com.br\/?s={search_term_string}"},"query-input":"required name=search_term_string"}],"inLanguage":"pt-BR"},{"@type":"Organization","@id":"https:\/\/www.armazemdaspalavras.com.br\/#organization","name":"Armaz\u00e9m das Palavras - Revis\u00e3o e Edi\u00e7\u00e3o de Texto","url":"https:\/\/www.armazemdaspalavras.com.br\/","logo":{"@type":"ImageObject","inLanguage":"pt-BR","@id":"https:\/\/www.armazemdaspalavras.com.br\/#\/schema\/logo\/image\/","url":"https:\/\/www.armazemdaspalavras.com.br\/wp-content\/uploads\/2019\/12\/favicon.ico","contentUrl":"https:\/\/www.armazemdaspalavras.com.br\/wp-content\/uploads\/2019\/12\/favicon.ico","width":69,"height":69,"caption":"Armaz\u00e9m das Palavras - Revis\u00e3o e Edi\u00e7\u00e3o de Texto"},"image":{"@id":"https:\/\/www.armazemdaspalavras.com.br\/#\/schema\/logo\/image\/"}}]}},"_links":{"self":[{"href":"https:\/\/www.armazemdaspalavras.com.br\/index.php\/wp-json\/wp\/v2\/pages\/101"}],"collection":[{"href":"https:\/\/www.armazemdaspalavras.com.br\/index.php\/wp-json\/wp\/v2\/pages"}],"about":[{"href":"https:\/\/www.armazemdaspalavras.com.br\/index.php\/wp-json\/wp\/v2\/types\/page"}],"author":[{"embeddable":true,"href":"https:\/\/www.armazemdaspalavras.com.br\/index.php\/wp-json\/wp\/v2\/users\/1"}],"replies":[{"embeddable":true,"href":"https:\/\/www.armazemdaspalavras.com.br\/index.php\/wp-json\/wp\/v2\/comments?post=101"}],"version-history":[{"count":16,"href":"https:\/\/www.armazemdaspalavras.com.br\/index.php\/wp-json\/wp\/v2\/pages\/101\/revisions"}],"predecessor-version":[{"id":295,"href":"https:\/\/www.armazemdaspalavras.com.br\/index.php\/wp-json\/wp\/v2\/pages\/101\/revisions\/295"}],"wp:attachment":[{"href":"https:\/\/www.armazemdaspalavras.com.br\/index.php\/wp-json\/wp\/v2\/media?parent=101"}],"curies":[{"name":"wp","href":"https:\/\/api.w.org\/{rel}","templated":true}]}}