{"id":253,"date":"2025-03-24T16:41:52","date_gmt":"2025-03-24T19:41:52","guid":{"rendered":"https:\/\/www.armazemdaspalavras.com.br\/?page_id=253"},"modified":"2025-03-30T16:02:41","modified_gmt":"2025-03-30T19:02:41","slug":"ghostwriting","status":"publish","type":"page","link":"https:\/\/www.armazemdaspalavras.com.br\/index.php\/ghostwriting\/","title":{"rendered":"Ghostwriting"},"content":{"rendered":"\n<p class=\"has-text-color\" style=\"color:#484848\">Voc\u00ea tem uma hist\u00f3ria para contar, mas n\u00e3o sabe por onde come\u00e7ar? Ou precisa de um texto profissional, mas n\u00e3o tem tempo para escrev\u00ea-lo? N\u00f3s temos a solu\u00e7\u00e3o!<\/p>\n\n\n\n<div class=\"wp-block-group is-layout-constrained\"><div class=\"wp-block-group__inner-container\">\n<div class=\"wp-block-group is-layout-constrained\"><div class=\"wp-block-group__inner-container\">\n<p class=\"has-text-color\" style=\"color:#484848\">O servi\u00e7o de <em>ghostwriting<\/em> \u00e9 ideal para:<\/p>\n\n\n\n<ul class=\"has-text-color\" style=\"color:#484848\">\n<li>Autores que desejam publicar um livro, mas precisam de apoio na escrita.<\/li>\n\n\n\n<li>Profissionais que necessitam de textos t\u00e9cnicos, artigos ou relat\u00f3rios.<\/li>\n\n\n\n<li>Empresas que buscam conte\u00fado para blogs, sites ou materiais institucionais.<\/li>\n\n\n\n<li>Contadores de hist\u00f3ria que n\u00e3o sabem escrever bem.<\/li>\n<\/ul>\n<\/div><\/div>\n<\/div><\/div>\n\n\n\n<p class=\"has-text-color\" style=\"color:#484848\">Nosso processo \u00e9 simples:<\/p>\n\n\n\n<ol type=\"1\" start=\"1\" class=\"has-text-color\" style=\"color:#484848\">\n<li><strong><em>Briefing<\/em><\/strong>: conversamos com voc\u00ea para entender suas ideias, objetivos e estilo.<\/li>\n\n\n\n<li><strong>Desenvolvimento<\/strong>: criamos o texto do zero, com base nas suas diretrizes.<\/li>\n\n\n\n<li><strong>Revis\u00e3o e entrega<\/strong>: voc\u00ea recebe o material pronto, revisado e formatado.<\/li>\n<\/ol>\n\n\n\n<p class=\"has-text-color\" style=\"color:#484848\">Trabalhamos com total confidencialidade, garantindo que a autoria do texto seja 100% sua. Conte com a Armaz\u00e9m das Palavras para transformar suas ideias em palavras que impactam!<\/p>\n\n\n\n<div class=\"wp-block-buttons is-layout-flex\">\n<div class=\"wp-block-button has-custom-font-size has-small-font-size\"><a class=\"wp-block-button__link wp-element-button\" href=\"https:\/\/wa.me\/5519981874755\">Fale conosco<\/a><\/div>\n<\/div>\n","protected":false},"excerpt":{"rendered":"<p>Voc\u00ea tem uma hist\u00f3ria para contar, mas n\u00e3o sabe por onde come\u00e7ar? Ou precisa de um texto profissional, mas n\u00e3o tem tempo para escrev\u00ea-lo? N\u00f3s temos a solu\u00e7\u00e3o! O servi\u00e7o de ghostwriting \u00e9 ideal para: Nosso processo \u00e9 simples: Trabalhamos com total confidencialidade, garantindo que a autoria do texto seja 100% sua. Conte com a&hellip; <br \/> <a class=\"read-more\" href=\"https:\/\/www.armazemdaspalavras.com.br\/index.php\/ghostwriting\/\">Leia mais<\/a><\/p>\n","protected":false},"author":1,"featured_media":0,"parent":0,"menu_order":0,"comment_status":"closed","ping_status":"closed","template":"","meta":{"_joinchat":[]},"yoast_head":"<!-- This site is optimized with the Yoast SEO plugin v21.4 - https:\/\/yoast.com\/wordpress\/plugins\/seo\/ -->\n<title>Ghostwriting - Armaz\u00e9m das Palavras<\/title>\n<meta name=\"robots\" content=\"index, follow, max-snippet:-1, max-image-preview:large, max-video-preview:-1\" \/>\n<link rel=\"canonical\" href=\"https:\/\/www.armazemdaspalavras.com.br\/index.php\/ghostwriting\/\" \/>\n<meta property=\"og:locale\" content=\"pt_BR\" \/>\n<meta property=\"og:type\" content=\"article\" \/>\n<meta property=\"og:title\" content=\"Ghostwriting - Armaz\u00e9m das Palavras\" \/>\n<meta property=\"og:description\" content=\"Voc\u00ea tem uma hist\u00f3ria para contar, mas n\u00e3o sabe por onde come\u00e7ar? Ou precisa de um texto profissional, mas n\u00e3o tem tempo para escrev\u00ea-lo? N\u00f3s temos a solu\u00e7\u00e3o! O servi\u00e7o de ghostwriting \u00e9 ideal para: Nosso processo \u00e9 simples: Trabalhamos com total confidencialidade, garantindo que a autoria do texto seja 100% sua. Conte com a&hellip; Leia mais\" \/>\n<meta property=\"og:url\" content=\"https:\/\/www.armazemdaspalavras.com.br\/index.php\/ghostwriting\/\" \/>\n<meta property=\"og:site_name\" content=\"Armaz\u00e9m das Palavras\" \/>\n<meta property=\"article:modified_time\" content=\"2025-03-30T19:02:41+00:00\" \/>\n<meta name=\"twitter:card\" content=\"summary_large_image\" \/>\n<meta name=\"twitter:label1\" content=\"Est. tempo de leitura\" \/>\n\t<meta name=\"twitter:data1\" content=\"1 minuto\" \/>\n<script type=\"application\/ld+json\" class=\"yoast-schema-graph\">{\"@context\":\"https:\/\/schema.org\",\"@graph\":[{\"@type\":\"WebPage\",\"@id\":\"https:\/\/www.armazemdaspalavras.com.br\/index.php\/ghostwriting\/\",\"url\":\"https:\/\/www.armazemdaspalavras.com.br\/index.php\/ghostwriting\/\",\"name\":\"Ghostwriting - Armaz\u00e9m das Palavras\",\"isPartOf\":{\"@id\":\"https:\/\/www.armazemdaspalavras.com.br\/#website\"},\"datePublished\":\"2025-03-24T19:41:52+00:00\",\"dateModified\":\"2025-03-30T19:02:41+00:00\",\"breadcrumb\":{\"@id\":\"https:\/\/www.armazemdaspalavras.com.br\/index.php\/ghostwriting\/#breadcrumb\"},\"inLanguage\":\"pt-BR\",\"potentialAction\":[{\"@type\":\"ReadAction\",\"target\":[\"https:\/\/www.armazemdaspalavras.com.br\/index.php\/ghostwriting\/\"]}]},{\"@type\":\"BreadcrumbList\",\"@id\":\"https:\/\/www.armazemdaspalavras.com.br\/index.php\/ghostwriting\/#breadcrumb\",\"itemListElement\":[{\"@type\":\"ListItem\",\"position\":1,\"name\":\"In\u00edcio\",\"item\":\"https:\/\/www.armazemdaspalavras.com.br\/\"},{\"@type\":\"ListItem\",\"position\":2,\"name\":\"Ghostwriting\"}]},{\"@type\":\"WebSite\",\"@id\":\"https:\/\/www.armazemdaspalavras.com.br\/#website\",\"url\":\"https:\/\/www.armazemdaspalavras.com.br\/\",\"name\":\"Revis\u00e3o de textos - Armaz\u00e9m das Palavras\",\"description\":\"Revis\u00e3o e edi\u00e7\u00e3o de textos\",\"publisher\":{\"@id\":\"https:\/\/www.armazemdaspalavras.com.br\/#organization\"},\"potentialAction\":[{\"@type\":\"SearchAction\",\"target\":{\"@type\":\"EntryPoint\",\"urlTemplate\":\"https:\/\/www.armazemdaspalavras.com.br\/?s={search_term_string}\"},\"query-input\":\"required name=search_term_string\"}],\"inLanguage\":\"pt-BR\"},{\"@type\":\"Organization\",\"@id\":\"https:\/\/www.armazemdaspalavras.com.br\/#organization\",\"name\":\"Armaz\u00e9m das Palavras - Revis\u00e3o e Edi\u00e7\u00e3o de Texto\",\"url\":\"https:\/\/www.armazemdaspalavras.com.br\/\",\"logo\":{\"@type\":\"ImageObject\",\"inLanguage\":\"pt-BR\",\"@id\":\"https:\/\/www.armazemdaspalavras.com.br\/#\/schema\/logo\/image\/\",\"url\":\"https:\/\/www.armazemdaspalavras.com.br\/wp-content\/uploads\/2019\/12\/favicon.ico\",\"contentUrl\":\"https:\/\/www.armazemdaspalavras.com.br\/wp-content\/uploads\/2019\/12\/favicon.ico\",\"width\":69,\"height\":69,\"caption\":\"Armaz\u00e9m das Palavras - Revis\u00e3o e Edi\u00e7\u00e3o de Texto\"},\"image\":{\"@id\":\"https:\/\/www.armazemdaspalavras.com.br\/#\/schema\/logo\/image\/\"}}]}<\/script>\n<!-- \/ Yoast SEO plugin. -->","yoast_head_json":{"title":"Ghostwriting - Armaz\u00e9m das Palavras","robots":{"index":"index","follow":"follow","max-snippet":"max-snippet:-1","max-image-preview":"max-image-preview:large","max-video-preview":"max-video-preview:-1"},"canonical":"https:\/\/www.armazemdaspalavras.com.br\/index.php\/ghostwriting\/","og_locale":"pt_BR","og_type":"article","og_title":"Ghostwriting - Armaz\u00e9m das Palavras","og_description":"Voc\u00ea tem uma hist\u00f3ria para contar, mas n\u00e3o sabe por onde come\u00e7ar? Ou precisa de um texto profissional, mas n\u00e3o tem tempo para escrev\u00ea-lo? N\u00f3s temos a solu\u00e7\u00e3o! O servi\u00e7o de ghostwriting \u00e9 ideal para: Nosso processo \u00e9 simples: Trabalhamos com total confidencialidade, garantindo que a autoria do texto seja 100% sua. Conte com a&hellip; Leia mais","og_url":"https:\/\/www.armazemdaspalavras.com.br\/index.php\/ghostwriting\/","og_site_name":"Armaz\u00e9m das Palavras","article_modified_time":"2025-03-30T19:02:41+00:00","twitter_card":"summary_large_image","twitter_misc":{"Est. tempo de leitura":"1 minuto"},"schema":{"@context":"https:\/\/schema.org","@graph":[{"@type":"WebPage","@id":"https:\/\/www.armazemdaspalavras.com.br\/index.php\/ghostwriting\/","url":"https:\/\/www.armazemdaspalavras.com.br\/index.php\/ghostwriting\/","name":"Ghostwriting - Armaz\u00e9m das Palavras","isPartOf":{"@id":"https:\/\/www.armazemdaspalavras.com.br\/#website"},"datePublished":"2025-03-24T19:41:52+00:00","dateModified":"2025-03-30T19:02:41+00:00","breadcrumb":{"@id":"https:\/\/www.armazemdaspalavras.com.br\/index.php\/ghostwriting\/#breadcrumb"},"inLanguage":"pt-BR","potentialAction":[{"@type":"ReadAction","target":["https:\/\/www.armazemdaspalavras.com.br\/index.php\/ghostwriting\/"]}]},{"@type":"BreadcrumbList","@id":"https:\/\/www.armazemdaspalavras.com.br\/index.php\/ghostwriting\/#breadcrumb","itemListElement":[{"@type":"ListItem","position":1,"name":"In\u00edcio","item":"https:\/\/www.armazemdaspalavras.com.br\/"},{"@type":"ListItem","position":2,"name":"Ghostwriting"}]},{"@type":"WebSite","@id":"https:\/\/www.armazemdaspalavras.com.br\/#website","url":"https:\/\/www.armazemdaspalavras.com.br\/","name":"Revis\u00e3o de textos - Armaz\u00e9m das Palavras","description":"Revis\u00e3o e edi\u00e7\u00e3o de textos","publisher":{"@id":"https:\/\/www.armazemdaspalavras.com.br\/#organization"},"potentialAction":[{"@type":"SearchAction","target":{"@type":"EntryPoint","urlTemplate":"https:\/\/www.armazemdaspalavras.com.br\/?s={search_term_string}"},"query-input":"required name=search_term_string"}],"inLanguage":"pt-BR"},{"@type":"Organization","@id":"https:\/\/www.armazemdaspalavras.com.br\/#organization","name":"Armaz\u00e9m das Palavras - Revis\u00e3o e Edi\u00e7\u00e3o de Texto","url":"https:\/\/www.armazemdaspalavras.com.br\/","logo":{"@type":"ImageObject","inLanguage":"pt-BR","@id":"https:\/\/www.armazemdaspalavras.com.br\/#\/schema\/logo\/image\/","url":"https:\/\/www.armazemdaspalavras.com.br\/wp-content\/uploads\/2019\/12\/favicon.ico","contentUrl":"https:\/\/www.armazemdaspalavras.com.br\/wp-content\/uploads\/2019\/12\/favicon.ico","width":69,"height":69,"caption":"Armaz\u00e9m das Palavras - Revis\u00e3o e Edi\u00e7\u00e3o de Texto"},"image":{"@id":"https:\/\/www.armazemdaspalavras.com.br\/#\/schema\/logo\/image\/"}}]}},"_links":{"self":[{"href":"https:\/\/www.armazemdaspalavras.com.br\/index.php\/wp-json\/wp\/v2\/pages\/253"}],"collection":[{"href":"https:\/\/www.armazemdaspalavras.com.br\/index.php\/wp-json\/wp\/v2\/pages"}],"about":[{"href":"https:\/\/www.armazemdaspalavras.com.br\/index.php\/wp-json\/wp\/v2\/types\/page"}],"author":[{"embeddable":true,"href":"https:\/\/www.armazemdaspalavras.com.br\/index.php\/wp-json\/wp\/v2\/users\/1"}],"replies":[{"embeddable":true,"href":"https:\/\/www.armazemdaspalavras.com.br\/index.php\/wp-json\/wp\/v2\/comments?post=253"}],"version-history":[{"count":6,"href":"https:\/\/www.armazemdaspalavras.com.br\/index.php\/wp-json\/wp\/v2\/pages\/253\/revisions"}],"predecessor-version":[{"id":300,"href":"https:\/\/www.armazemdaspalavras.com.br\/index.php\/wp-json\/wp\/v2\/pages\/253\/revisions\/300"}],"wp:attachment":[{"href":"https:\/\/www.armazemdaspalavras.com.br\/index.php\/wp-json\/wp\/v2\/media?parent=253"}],"curies":[{"name":"wp","href":"https:\/\/api.w.org\/{rel}","templated":true}]}}