{"id":257,"date":"2025-03-24T16:47:13","date_gmt":"2025-03-24T19:47:13","guid":{"rendered":"https:\/\/www.armazemdaspalavras.com.br\/?page_id=257"},"modified":"2025-03-24T19:25:19","modified_gmt":"2025-03-24T22:25:19","slug":"fale-conosco","status":"publish","type":"page","link":"https:\/\/www.armazemdaspalavras.com.br\/index.php\/fale-conosco\/","title":{"rendered":"Fale conosco"},"content":{"rendered":"\n<p class=\"has-text-color\" style=\"color:#484848\">A Armaz\u00e9m das Palavras \u00e9 uma empresa dedicada a transformar ideias em textos impec\u00e1veis. Somos especialistas em revis\u00e3o, tradu\u00e7\u00e3o, formata\u00e7\u00e3o e cria\u00e7\u00e3o de conte\u00fado, e oferecemos servi\u00e7os personalizados para atender \u00e0s necessidades de autores, estudantes, profissionais e empresas.<\/p>\n\n\n\n<p class=\"has-text-color\" style=\"color:#484848\">Nossa miss\u00e3o \u00e9 garantir que cada texto transmita clareza, coer\u00eancia e profissionalismo, respeitando sempre o estilo e a voz \u00fanica de quem escreve. Seja para um livro, um trabalho acad\u00eamico, um curso ou um projeto de <em>ghostwriting<\/em>, estamos aqui para ajudar voc\u00ea a brilhar com suas palavras.<\/p>\n\n\n\n<p class=\"has-text-color\" style=\"color:#484848\">Com transpar\u00eancia, qualidade e um toque de cuidado, constru\u00edmos parcerias que v\u00e3o al\u00e9m do texto. Aqui, voc\u00ea \u00e9 o especialista no assunto, e n\u00f3s, especialistas em palavras!<\/p>\n\n\n\n<p class=\"has-text-color\" style=\"color:#484848\">Fale com a gente:<\/p>\n\n\n\n<p><a href=\"mailto:armazem@armazemdaspalavras.com.br\">armazem@armazemdaspalavras.com.br<\/a><\/p>\n\n\n\n<p class=\"has-text-color\" style=\"color:#484848\">(19) 98147-4755 <\/p>\n","protected":false},"excerpt":{"rendered":"<p>A Armaz\u00e9m das Palavras \u00e9 uma empresa dedicada a transformar ideias em textos impec\u00e1veis. Somos especialistas em revis\u00e3o, tradu\u00e7\u00e3o, formata\u00e7\u00e3o e cria\u00e7\u00e3o de conte\u00fado, e oferecemos servi\u00e7os personalizados para atender \u00e0s necessidades de autores, estudantes, profissionais e empresas. Nossa miss\u00e3o \u00e9 garantir que cada texto transmita clareza, coer\u00eancia e profissionalismo, respeitando sempre o estilo e&hellip; <br \/> <a class=\"read-more\" href=\"https:\/\/www.armazemdaspalavras.com.br\/index.php\/fale-conosco\/\">Leia mais<\/a><\/p>\n","protected":false},"author":1,"featured_media":0,"parent":0,"menu_order":0,"comment_status":"closed","ping_status":"closed","template":"","meta":{"_joinchat":[]},"yoast_head":"<!-- This site is optimized with the Yoast SEO plugin v21.4 - https:\/\/yoast.com\/wordpress\/plugins\/seo\/ -->\n<title>Fale conosco - Armaz\u00e9m das Palavras<\/title>\n<meta name=\"robots\" content=\"index, follow, max-snippet:-1, max-image-preview:large, max-video-preview:-1\" \/>\n<link rel=\"canonical\" href=\"https:\/\/www.armazemdaspalavras.com.br\/index.php\/fale-conosco\/\" \/>\n<meta property=\"og:locale\" content=\"pt_BR\" \/>\n<meta property=\"og:type\" content=\"article\" \/>\n<meta property=\"og:title\" content=\"Fale conosco - Armaz\u00e9m das Palavras\" \/>\n<meta property=\"og:description\" content=\"A Armaz\u00e9m das Palavras \u00e9 uma empresa dedicada a transformar ideias em textos impec\u00e1veis. Somos especialistas em revis\u00e3o, tradu\u00e7\u00e3o, formata\u00e7\u00e3o e cria\u00e7\u00e3o de conte\u00fado, e oferecemos servi\u00e7os personalizados para atender \u00e0s necessidades de autores, estudantes, profissionais e empresas. Nossa miss\u00e3o \u00e9 garantir que cada texto transmita clareza, coer\u00eancia e profissionalismo, respeitando sempre o estilo e&hellip; Leia mais\" \/>\n<meta property=\"og:url\" content=\"https:\/\/www.armazemdaspalavras.com.br\/index.php\/fale-conosco\/\" \/>\n<meta property=\"og:site_name\" content=\"Armaz\u00e9m das Palavras\" \/>\n<meta property=\"article:modified_time\" content=\"2025-03-24T22:25:19+00:00\" \/>\n<meta name=\"twitter:card\" content=\"summary_large_image\" \/>\n<meta name=\"twitter:label1\" content=\"Est. tempo de leitura\" \/>\n\t<meta name=\"twitter:data1\" content=\"1 minuto\" \/>\n<script type=\"application\/ld+json\" class=\"yoast-schema-graph\">{\"@context\":\"https:\/\/schema.org\",\"@graph\":[{\"@type\":\"WebPage\",\"@id\":\"https:\/\/www.armazemdaspalavras.com.br\/index.php\/fale-conosco\/\",\"url\":\"https:\/\/www.armazemdaspalavras.com.br\/index.php\/fale-conosco\/\",\"name\":\"Fale conosco - Armaz\u00e9m das Palavras\",\"isPartOf\":{\"@id\":\"https:\/\/www.armazemdaspalavras.com.br\/#website\"},\"datePublished\":\"2025-03-24T19:47:13+00:00\",\"dateModified\":\"2025-03-24T22:25:19+00:00\",\"breadcrumb\":{\"@id\":\"https:\/\/www.armazemdaspalavras.com.br\/index.php\/fale-conosco\/#breadcrumb\"},\"inLanguage\":\"pt-BR\",\"potentialAction\":[{\"@type\":\"ReadAction\",\"target\":[\"https:\/\/www.armazemdaspalavras.com.br\/index.php\/fale-conosco\/\"]}]},{\"@type\":\"BreadcrumbList\",\"@id\":\"https:\/\/www.armazemdaspalavras.com.br\/index.php\/fale-conosco\/#breadcrumb\",\"itemListElement\":[{\"@type\":\"ListItem\",\"position\":1,\"name\":\"In\u00edcio\",\"item\":\"https:\/\/www.armazemdaspalavras.com.br\/\"},{\"@type\":\"ListItem\",\"position\":2,\"name\":\"Fale conosco\"}]},{\"@type\":\"WebSite\",\"@id\":\"https:\/\/www.armazemdaspalavras.com.br\/#website\",\"url\":\"https:\/\/www.armazemdaspalavras.com.br\/\",\"name\":\"Revis\u00e3o de textos - Armaz\u00e9m das Palavras\",\"description\":\"Revis\u00e3o e edi\u00e7\u00e3o de textos\",\"publisher\":{\"@id\":\"https:\/\/www.armazemdaspalavras.com.br\/#organization\"},\"potentialAction\":[{\"@type\":\"SearchAction\",\"target\":{\"@type\":\"EntryPoint\",\"urlTemplate\":\"https:\/\/www.armazemdaspalavras.com.br\/?s={search_term_string}\"},\"query-input\":\"required name=search_term_string\"}],\"inLanguage\":\"pt-BR\"},{\"@type\":\"Organization\",\"@id\":\"https:\/\/www.armazemdaspalavras.com.br\/#organization\",\"name\":\"Armaz\u00e9m das Palavras - Revis\u00e3o e Edi\u00e7\u00e3o de Texto\",\"url\":\"https:\/\/www.armazemdaspalavras.com.br\/\",\"logo\":{\"@type\":\"ImageObject\",\"inLanguage\":\"pt-BR\",\"@id\":\"https:\/\/www.armazemdaspalavras.com.br\/#\/schema\/logo\/image\/\",\"url\":\"https:\/\/www.armazemdaspalavras.com.br\/wp-content\/uploads\/2019\/12\/favicon.ico\",\"contentUrl\":\"https:\/\/www.armazemdaspalavras.com.br\/wp-content\/uploads\/2019\/12\/favicon.ico\",\"width\":69,\"height\":69,\"caption\":\"Armaz\u00e9m das Palavras - Revis\u00e3o e Edi\u00e7\u00e3o de Texto\"},\"image\":{\"@id\":\"https:\/\/www.armazemdaspalavras.com.br\/#\/schema\/logo\/image\/\"}}]}<\/script>\n<!-- \/ Yoast SEO plugin. -->","yoast_head_json":{"title":"Fale conosco - Armaz\u00e9m das Palavras","robots":{"index":"index","follow":"follow","max-snippet":"max-snippet:-1","max-image-preview":"max-image-preview:large","max-video-preview":"max-video-preview:-1"},"canonical":"https:\/\/www.armazemdaspalavras.com.br\/index.php\/fale-conosco\/","og_locale":"pt_BR","og_type":"article","og_title":"Fale conosco - Armaz\u00e9m das Palavras","og_description":"A Armaz\u00e9m das Palavras \u00e9 uma empresa dedicada a transformar ideias em textos impec\u00e1veis. Somos especialistas em revis\u00e3o, tradu\u00e7\u00e3o, formata\u00e7\u00e3o e cria\u00e7\u00e3o de conte\u00fado, e oferecemos servi\u00e7os personalizados para atender \u00e0s necessidades de autores, estudantes, profissionais e empresas. Nossa miss\u00e3o \u00e9 garantir que cada texto transmita clareza, coer\u00eancia e profissionalismo, respeitando sempre o estilo e&hellip; Leia mais","og_url":"https:\/\/www.armazemdaspalavras.com.br\/index.php\/fale-conosco\/","og_site_name":"Armaz\u00e9m das Palavras","article_modified_time":"2025-03-24T22:25:19+00:00","twitter_card":"summary_large_image","twitter_misc":{"Est. tempo de leitura":"1 minuto"},"schema":{"@context":"https:\/\/schema.org","@graph":[{"@type":"WebPage","@id":"https:\/\/www.armazemdaspalavras.com.br\/index.php\/fale-conosco\/","url":"https:\/\/www.armazemdaspalavras.com.br\/index.php\/fale-conosco\/","name":"Fale conosco - Armaz\u00e9m das Palavras","isPartOf":{"@id":"https:\/\/www.armazemdaspalavras.com.br\/#website"},"datePublished":"2025-03-24T19:47:13+00:00","dateModified":"2025-03-24T22:25:19+00:00","breadcrumb":{"@id":"https:\/\/www.armazemdaspalavras.com.br\/index.php\/fale-conosco\/#breadcrumb"},"inLanguage":"pt-BR","potentialAction":[{"@type":"ReadAction","target":["https:\/\/www.armazemdaspalavras.com.br\/index.php\/fale-conosco\/"]}]},{"@type":"BreadcrumbList","@id":"https:\/\/www.armazemdaspalavras.com.br\/index.php\/fale-conosco\/#breadcrumb","itemListElement":[{"@type":"ListItem","position":1,"name":"In\u00edcio","item":"https:\/\/www.armazemdaspalavras.com.br\/"},{"@type":"ListItem","position":2,"name":"Fale conosco"}]},{"@type":"WebSite","@id":"https:\/\/www.armazemdaspalavras.com.br\/#website","url":"https:\/\/www.armazemdaspalavras.com.br\/","name":"Revis\u00e3o de textos - Armaz\u00e9m das Palavras","description":"Revis\u00e3o e edi\u00e7\u00e3o de textos","publisher":{"@id":"https:\/\/www.armazemdaspalavras.com.br\/#organization"},"potentialAction":[{"@type":"SearchAction","target":{"@type":"EntryPoint","urlTemplate":"https:\/\/www.armazemdaspalavras.com.br\/?s={search_term_string}"},"query-input":"required name=search_term_string"}],"inLanguage":"pt-BR"},{"@type":"Organization","@id":"https:\/\/www.armazemdaspalavras.com.br\/#organization","name":"Armaz\u00e9m das Palavras - Revis\u00e3o e Edi\u00e7\u00e3o de Texto","url":"https:\/\/www.armazemdaspalavras.com.br\/","logo":{"@type":"ImageObject","inLanguage":"pt-BR","@id":"https:\/\/www.armazemdaspalavras.com.br\/#\/schema\/logo\/image\/","url":"https:\/\/www.armazemdaspalavras.com.br\/wp-content\/uploads\/2019\/12\/favicon.ico","contentUrl":"https:\/\/www.armazemdaspalavras.com.br\/wp-content\/uploads\/2019\/12\/favicon.ico","width":69,"height":69,"caption":"Armaz\u00e9m das Palavras - Revis\u00e3o e Edi\u00e7\u00e3o de Texto"},"image":{"@id":"https:\/\/www.armazemdaspalavras.com.br\/#\/schema\/logo\/image\/"}}]}},"_links":{"self":[{"href":"https:\/\/www.armazemdaspalavras.com.br\/index.php\/wp-json\/wp\/v2\/pages\/257"}],"collection":[{"href":"https:\/\/www.armazemdaspalavras.com.br\/index.php\/wp-json\/wp\/v2\/pages"}],"about":[{"href":"https:\/\/www.armazemdaspalavras.com.br\/index.php\/wp-json\/wp\/v2\/types\/page"}],"author":[{"embeddable":true,"href":"https:\/\/www.armazemdaspalavras.com.br\/index.php\/wp-json\/wp\/v2\/users\/1"}],"replies":[{"embeddable":true,"href":"https:\/\/www.armazemdaspalavras.com.br\/index.php\/wp-json\/wp\/v2\/comments?post=257"}],"version-history":[{"count":2,"href":"https:\/\/www.armazemdaspalavras.com.br\/index.php\/wp-json\/wp\/v2\/pages\/257\/revisions"}],"predecessor-version":[{"id":270,"href":"https:\/\/www.armazemdaspalavras.com.br\/index.php\/wp-json\/wp\/v2\/pages\/257\/revisions\/270"}],"wp:attachment":[{"href":"https:\/\/www.armazemdaspalavras.com.br\/index.php\/wp-json\/wp\/v2\/media?parent=257"}],"curies":[{"name":"wp","href":"https:\/\/api.w.org\/{rel}","templated":true}]}}